{"id":3406,"date":"2021-03-10T18:17:40","date_gmt":"2021-03-10T18:17:40","guid":{"rendered":"https:\/\/www.florsmainada.com\/?post_type=product&#038;p=3406"},"modified":"2021-03-12T16:29:29","modified_gmt":"2021-03-12T16:29:29","slug":"beaucarnea","status":"publish","type":"product","link":"https:\/\/www.florsmainada.com\/index.php\/producto\/beaucarnea\/","title":{"rendered":"Beaucarnea"},"content":{"rendered":"<p><span style=\"font-weight: 400;\">L&#8217;atractiu d&#8217;aquesta planta \u00e9s el seu format ex\u00f2tic, tamb\u00e9 anomenada \u00abpota d&#8217;elefant\u00bb.<\/span><\/p>\n<p>&nbsp;<\/p>\n","protected":false},"excerpt":{"rendered":"<p><span style=\"font-weight: 400;\">L&#8217;atractiu d&#8217;aquesta planta \u00e9s el seu format ex\u00f2tic, tamb\u00e9 anomenada \u00abpota d&#8217;elefant\u00bb.<\/span><\/p>\n","protected":false},"featured_media":3413,"comment_status":"open","ping_status":"closed","template":"","meta":{"_et_pb_use_builder":"","_et_pb_old_content":"","_et_gb_content_width":""},"product_brand":[],"product_cat":[96],"product_tag":[100],"class_list":{"0":"post-3406","1":"product","2":"type-product","3":"status-publish","4":"has-post-thumbnail","6":"product_cat-plantes","7":"product_tag-plantes","9":"first","10":"instock","11":"featured","12":"shipping-taxable","13":"purchasable","14":"product-type-variable"},"_links":{"self":[{"href":"https:\/\/www.florsmainada.com\/index.php\/wp-json\/wp\/v2\/product\/3406","targetHints":{"allow":["GET"]}}],"collection":[{"href":"https:\/\/www.florsmainada.com\/index.php\/wp-json\/wp\/v2\/product"}],"about":[{"href":"https:\/\/www.florsmainada.com\/index.php\/wp-json\/wp\/v2\/types\/product"}],"replies":[{"embeddable":true,"href":"https:\/\/www.florsmainada.com\/index.php\/wp-json\/wp\/v2\/comments?post=3406"}],"wp:featuredmedia":[{"embeddable":true,"href":"https:\/\/www.florsmainada.com\/index.php\/wp-json\/wp\/v2\/media\/3413"}],"wp:attachment":[{"href":"https:\/\/www.florsmainada.com\/index.php\/wp-json\/wp\/v2\/media?parent=3406"}],"wp:term":[{"taxonomy":"product_brand","embeddable":true,"href":"https:\/\/www.florsmainada.com\/index.php\/wp-json\/wp\/v2\/product_brand?post=3406"},{"taxonomy":"product_cat","embeddable":true,"href":"https:\/\/www.florsmainada.com\/index.php\/wp-json\/wp\/v2\/product_cat?post=3406"},{"taxonomy":"product_tag","embeddable":true,"href":"https:\/\/www.florsmainada.com\/index.php\/wp-json\/wp\/v2\/product_tag?post=3406"}],"curies":[{"name":"wp","href":"https:\/\/api.w.org\/{rel}","templated":true}]}}